{"id":6995,"date":"2026-01-28T16:09:05","date_gmt":"2026-01-28T14:09:05","guid":{"rendered":"https:\/\/www.caleido.it\/telechargements\/"},"modified":"2026-04-16T09:51:34","modified_gmt":"2026-04-16T07:51:34","slug":"telechargements","status":"publish","type":"page","link":"https:\/\/www.caleido.it\/fr\/telechargements\/","title":{"rendered":"T\u00e9l\u00e9chargements"},"content":{"rendered":"\t\t<div data-elementor-type=\"wp-page\" data-elementor-id=\"6995\" class=\"elementor elementor-6995 elementor-2102\" data-elementor-post-type=\"page\">\n\t\t\t\t<div class=\"elementor-element elementor-element-a2ca94f e-con-full csm-boxed e-flex e-con e-parent\" data-id=\"a2ca94f\" data-element_type=\"container\">\n\t\t<div class=\"elementor-element elementor-element-377c93a e-con-full e-flex e-con e-child\" data-id=\"377c93a\" data-element_type=\"container\">\n\t\t\t\t<div class=\"elementor-element elementor-element-3a702bd elementor-widget-laptop__width-inherit elementor-widget elementor-widget-heading\" data-id=\"3a702bd\" data-element_type=\"widget\" data-widget_type=\"heading.default\">\n\t\t\t\t\t<h2 class=\"elementor-heading-title elementor-size-default\">Fichiers et documentations<br>pour votre projet<\/h2>\t\t\t\t<\/div>\n\t\t\t\t<\/div>\n\t\t\t\t<\/div>\n\t\t<div class=\"elementor-element elementor-element-734d447 e-con-full csm-boxed e-flex e-con e-parent\" data-id=\"734d447\" data-element_type=\"container\">\n\t\t<div class=\"elementor-element elementor-element-875de28 e-con-full e-flex e-con e-child\" data-id=\"875de28\" data-element_type=\"container\">\n\t\t\t\t<div data-dce-title-color=\"#4B4E4D80\" class=\"elementor-element elementor-element-7a89d33 elementor-widget__width-initial elementor-widget elementor-widget-heading\" data-id=\"7a89d33\" data-element_type=\"widget\" data-widget_type=\"heading.default\">\n\t\t\t\t\t<h2 class=\"elementor-heading-title elementor-size-default\">T\u00c9L\u00c9CHARGEMENTS<\/h2>\t\t\t\t<\/div>\n\t\t\t\t<div class=\"elementor-element elementor-element-d99e7ee elementor-grid-1 elementor-widget__width-inherit elementor-grid-tablet-1 elementor-widget-tablet__width-inherit ripetitore-download elementor-grid-mobile-1 elementor-widget elementor-widget-loop-grid\" data-id=\"d99e7ee\" data-element_type=\"widget\" data-settings=\"{&quot;template_id&quot;:7018,&quot;columns&quot;:1,&quot;columns_tablet&quot;:1,&quot;_skin&quot;:&quot;post&quot;,&quot;columns_mobile&quot;:&quot;1&quot;,&quot;edit_handle_selector&quot;:&quot;[data-elementor-type=\\&quot;loop-item\\&quot;]&quot;,&quot;row_gap&quot;:{&quot;unit&quot;:&quot;px&quot;,&quot;size&quot;:&quot;&quot;,&quot;sizes&quot;:[]},&quot;row_gap_widescreen&quot;:{&quot;unit&quot;:&quot;px&quot;,&quot;size&quot;:&quot;&quot;,&quot;sizes&quot;:[]},&quot;row_gap_laptop&quot;:{&quot;unit&quot;:&quot;px&quot;,&quot;size&quot;:&quot;&quot;,&quot;sizes&quot;:[]},&quot;row_gap_tablet&quot;:{&quot;unit&quot;:&quot;px&quot;,&quot;size&quot;:&quot;&quot;,&quot;sizes&quot;:[]},&quot;row_gap_mobile&quot;:{&quot;unit&quot;:&quot;px&quot;,&quot;size&quot;:&quot;&quot;,&quot;sizes&quot;:[]}}\" data-widget_type=\"loop-grid.post\">\n\t\t\t\t<div class=\"elementor-widget-container\">\n\t\t\t\t\t\t\t<div class=\"elementor-loop-container elementor-grid\" role=\"list\">\n\t\t<style id=\"loop-7018\">.elementor-7018 .elementor-element.elementor-element-ff8a3a5{--display:flex;--flex-direction:column;--container-widget-width:calc( ( 1 - var( --container-widget-flex-grow ) ) * 100% );--container-widget-height:initial;--container-widget-flex-grow:0;--container-widget-align-self:initial;--flex-wrap-mobile:wrap;--justify-content:space-between;--align-items:flex-start;border-style:solid;--border-style:solid;border-width:0px 0px 1px 0px;--border-top-width:0px;--border-right-width:0px;--border-bottom-width:1px;--border-left-width:0px;border-color:#4B4E4D7D;--border-color:#4B4E4D7D;--border-radius:0px 0px 0px 0px;--padding-top:0px;--padding-bottom:20px;--padding-left:0px;--padding-right:0px;}.elementor-7018 .elementor-element.elementor-element-3e75352{--display:flex;--flex-direction:row;--container-widget-width:calc( ( 1 - var( --container-widget-flex-grow ) ) * 100% );--container-widget-height:100%;--container-widget-flex-grow:1;--container-widget-align-self:stretch;--flex-wrap-mobile:wrap;--justify-content:space-between;--align-items:center;--flex-wrap:nowrap;--padding-top:0px;--padding-bottom:0px;--padding-left:0px;--padding-right:0px;}.elementor-7018 .elementor-element.elementor-element-1f90019 .dynamic-content-for-elementor-acf{margin-bottom:0px;}.elementor-widget-icon.elementor-view-stacked .elementor-icon{background-color:var( --e-global-color-primary );}.elementor-widget-icon.elementor-view-framed .elementor-icon, .elementor-widget-icon.elementor-view-default .elementor-icon{color:var( --e-global-color-primary );border-color:var( --e-global-color-primary );}.elementor-widget-icon.elementor-view-framed .elementor-icon, .elementor-widget-icon.elementor-view-default .elementor-icon svg{fill:var( --e-global-color-primary );}.elementor-7018 .elementor-element.elementor-element-dfe12fa{margin:0px 0px calc(var(--kit-widget-spacing, 0px) + -10px) 0px;}.elementor-7018 .elementor-element.elementor-element-dfe12fa .elementor-icon-wrapper{text-align:center;}.elementor-7018 .elementor-element.elementor-element-dfe12fa .elementor-icon{font-size:18px;}.elementor-7018 .elementor-element.elementor-element-dfe12fa .elementor-icon svg{height:18px;}.elementor-7018 .elementor-element.elementor-element-dfe12fa .elementor-icon-wrapper svg{width:auto;}<\/style>\t\t<div data-elementor-type=\"loop-item\" data-elementor-id=\"7018\" class=\"elementor elementor-7018 elementor-2596 elementor-2596 e-loop-item e-loop-item-7043 post-7043 download type-download status-publish hentry tipologia-download-telechargements-generiques\" data-elementor-post-type=\"elementor_library\" data-custom-edit-handle=\"1\">\n\t\t\t<div class=\"elementor-element elementor-element-ff8a3a5 e-con-full e-flex e-con e-child\" data-id=\"ff8a3a5\" data-element_type=\"container\">\n\t\t<a class=\"elementor-element elementor-element-3e75352 e-con-full hover-linkconfreccia e-flex e-con e-child\" data-id=\"3e75352\" data-element_type=\"container\" href=\"https:\/\/www.caleido.it\/wp-content\/uploads\/2026\/04\/CALEIDO-BOOK.pdf\">\n\t\t\t\t<div class=\"elementor-element elementor-element-1f90019 testo-hoverlink-black elementor-widget elementor-widget-dyncontel-acf\" data-id=\"1f90019\" data-element_type=\"widget\" data-settings=\"{&quot;acf_field_list&quot;:&quot;nome_download_generico&quot;,&quot;acf_type&quot;:&quot;text&quot;}\" data-widget_type=\"dyncontel-acf.default\">\n\t\t\t\t<div class=\"elementor-widget-container\">\n\t\t\t\t\t<div class=\"dynamic-content-for-elementor-acf \">Catalogue 2023<\/div>\t\t\t\t<\/div>\n\t\t\t\t<\/div>\n\t\t\t\t<div class=\"elementor-element elementor-element-dfe12fa icona-hoverlink elementor-view-default elementor-widget elementor-widget-icon\" data-id=\"dfe12fa\" data-element_type=\"widget\" data-widget_type=\"icon.default\">\n\t\t\t\t\t\t\t<div class=\"elementor-icon-wrapper\">\n\t\t\t<div class=\"elementor-icon\">\n\t\t\t<svg xmlns=\"http:\/\/www.w3.org\/2000\/svg\" width=\"12\" height=\"11\" viewBox=\"0 0 12 11\" fill=\"none\"><path d=\"M6.60227 10.1818L5.93182 9.51705L9.88636 5.56818H0V4.61364H9.88636L5.93182 0.664772L6.60227 0L11.6932 5.09091L6.60227 10.1818Z\" fill=\"#4B4E4D\"><\/path><\/svg>\t\t\t<\/div>\n\t\t<\/div>\n\t\t\t\t\t\t<\/div>\n\t\t\t\t<\/a>\n\t\t\t\t<\/div>\n\t\t\t\t<\/div>\n\t\t\t\t<\/div>\n\t\t\n\t\t\t\t\t\t<\/div>\n\t\t\t\t<\/div>\n\t\t\t\t<\/div>\n\t\t<div class=\"elementor-element elementor-element-1657ee1 e-con-full elementor-hidden-widescreen elementor-hidden-desktop elementor-hidden-laptop elementor-hidden-tablet elementor-hidden-mobile e-flex e-con e-child\" data-id=\"1657ee1\" data-element_type=\"container\">\n\t\t\t\t<div data-dce-title-color=\"#4B4E4D80\" class=\"elementor-element elementor-element-5db489e elementor-widget__width-initial elementor-widget elementor-widget-heading\" data-id=\"5db489e\" data-element_type=\"widget\" data-widget_type=\"heading.default\">\n\t\t\t\t\t<h2 class=\"elementor-heading-title elementor-size-default\">T\u00c9L\u00c9CHARGEMENTS<br>BIM<\/h2>\t\t\t\t<\/div>\n\t\t\t\t<div class=\"elementor-element elementor-element-18a1aa5 elementor-grid-1 elementor-widget__width-inherit elementor-grid-tablet-1 elementor-widget-tablet__width-inherit ripetitore-download elementor-grid-mobile-1 elementor-widget elementor-widget-loop-grid\" data-id=\"18a1aa5\" data-element_type=\"widget\" data-settings=\"{&quot;template_id&quot;:6211,&quot;columns&quot;:1,&quot;columns_tablet&quot;:1,&quot;_skin&quot;:&quot;post&quot;,&quot;columns_mobile&quot;:&quot;1&quot;,&quot;edit_handle_selector&quot;:&quot;[data-elementor-type=\\&quot;loop-item\\&quot;]&quot;,&quot;row_gap&quot;:{&quot;unit&quot;:&quot;px&quot;,&quot;size&quot;:&quot;&quot;,&quot;sizes&quot;:[]},&quot;row_gap_widescreen&quot;:{&quot;unit&quot;:&quot;px&quot;,&quot;size&quot;:&quot;&quot;,&quot;sizes&quot;:[]},&quot;row_gap_laptop&quot;:{&quot;unit&quot;:&quot;px&quot;,&quot;size&quot;:&quot;&quot;,&quot;sizes&quot;:[]},&quot;row_gap_tablet&quot;:{&quot;unit&quot;:&quot;px&quot;,&quot;size&quot;:&quot;&quot;,&quot;sizes&quot;:[]},&quot;row_gap_mobile&quot;:{&quot;unit&quot;:&quot;px&quot;,&quot;size&quot;:&quot;&quot;,&quot;sizes&quot;:[]}}\" data-widget_type=\"loop-grid.post\">\n\t\t\t\t<div class=\"elementor-widget-container\">\n\t\t\t\t\t\t\t<div class=\"e-loop-nothing-found-message\">\n\t\t<\/div>\n\t\t\t\t\t\t<\/div>\n\t\t\t\t<\/div>\n\t\t\t\t<\/div>\n\t\t\t\t<\/div>\n\t\t<div class=\"elementor-element elementor-element-43cfb22 e-con-full csm-boxed e-flex e-con e-parent\" data-id=\"43cfb22\" data-element_type=\"container\" data-settings=\"{&quot;background_background&quot;:&quot;classic&quot;}\">\n\t\t<div class=\"elementor-element elementor-element-3cce164 e-con-full e-flex e-con e-child\" data-id=\"3cce164\" data-element_type=\"container\">\n\t\t\t\t<div class=\"elementor-element elementor-element-ab7e7fa elementor-widget elementor-widget-heading\" data-id=\"ab7e7fa\" data-element_type=\"widget\" data-widget_type=\"heading.default\">\n\t\t\t\t\t<h2 class=\"elementor-heading-title elementor-size-default\">T\u00e9l\u00e9chargements Maticad<\/h2>\t\t\t\t<\/div>\n\t\t\t\t<\/div>\n\t\t<div class=\"elementor-element elementor-element-ed24fef e-con-full e-flex e-con e-child\" data-id=\"ed24fef\" data-element_type=\"container\">\n\t\t\t\t<div class=\"elementor-element elementor-element-a356d7c elementor-widget__width-inherit elementor-widget-mobile__width-inherit elementor-widget-laptop__width-inherit elementor-widget elementor-widget-text-editor\" data-id=\"a356d7c\" data-element_type=\"widget\" data-widget_type=\"text-editor.default\">\n\t\t\t\t\t\t\t\t\tAcc\u00e9dez aux fichiers et aux ressources techniques de nos produits directement depuis la plateforme Maticad. Trouvez les documents n\u00e9cessaires pour vos projets.\t\t\t\t\t\t\t\t<\/div>\n\t\t\t\t<div class=\"elementor-element elementor-element-4cb7360 link-black-button elementor-widget__width-auto elementor-invisible elementor-widget elementor-widget-button\" data-id=\"4cb7360\" data-element_type=\"widget\" data-settings=\"{&quot;_animation&quot;:&quot;fadeInUp&quot;}\" data-widget_type=\"button.default\">\n\t\t\t\t\t\t\t\t\t\t<a class=\"elementor-button elementor-button-link elementor-size-sm\" href=\"https:\/\/www.maticad.com\/domus3d\/\" target=\"_blank\" rel=\"nofollow noopener\">\n\t\t\t\t\t\t<span class=\"elementor-button-content-wrapper\">\n\t\t\t\t\t\t<span class=\"elementor-button-icon\">\n\t\t\t\t<svg aria-hidden=\"true\" class=\"e-font-icon-svg e-fas-circle\" viewBox=\"0 0 512 512\" xmlns=\"http:\/\/www.w3.org\/2000\/svg\"><path d=\"M256 8C119 8 8 119 8 256s111 248 248 248 248-111 248-248S393 8 256 8z\"><\/path><\/svg>\t\t\t<\/span>\n\t\t\t\t\t\t\t\t\t<span class=\"elementor-button-text\">D\u00c9COUVREZ-LES TOUS<\/span>\n\t\t\t\t\t<\/span>\n\t\t\t\t\t<\/a>\n\t\t\t\t\t\t\t\t<\/div>\n\t\t\t\t<\/div>\n\t\t\t\t<\/div>\n\t\t\t\t<\/div>\n\t\t","protected":false},"excerpt":{"rendered":"<p>Fichiers et documentationspour votre projet T\u00c9L\u00c9CHARGEMENTS T\u00c9L\u00c9CHARGEMENTSBIM T\u00e9l\u00e9chargements Maticad Acc\u00e9dez aux fichiers et aux ressources techniques de nos produits directement depuis la plateforme Maticad. Trouvez les documents n\u00e9cessaires pour vos projets. D\u00c9COUVREZ-LES TOUS<\/p>\n","protected":false},"author":1,"featured_media":0,"parent":0,"menu_order":0,"comment_status":"closed","ping_status":"closed","template":"elementor_header_footer","meta":{"_acf_changed":false,"footnotes":""},"class_list":["post-6995","page","type-page","status-publish","hentry"],"acf":[],"_links":{"self":[{"href":"https:\/\/www.caleido.it\/fr\/wp-json\/wp\/v2\/pages\/6995","targetHints":{"allow":["GET"]}}],"collection":[{"href":"https:\/\/www.caleido.it\/fr\/wp-json\/wp\/v2\/pages"}],"about":[{"href":"https:\/\/www.caleido.it\/fr\/wp-json\/wp\/v2\/types\/page"}],"author":[{"embeddable":true,"href":"https:\/\/www.caleido.it\/fr\/wp-json\/wp\/v2\/users\/1"}],"replies":[{"embeddable":true,"href":"https:\/\/www.caleido.it\/fr\/wp-json\/wp\/v2\/comments?post=6995"}],"version-history":[{"count":1,"href":"https:\/\/www.caleido.it\/fr\/wp-json\/wp\/v2\/pages\/6995\/revisions"}],"predecessor-version":[{"id":6996,"href":"https:\/\/www.caleido.it\/fr\/wp-json\/wp\/v2\/pages\/6995\/revisions\/6996"}],"wp:attachment":[{"href":"https:\/\/www.caleido.it\/fr\/wp-json\/wp\/v2\/media?parent=6995"}],"curies":[{"name":"wp","href":"https:\/\/api.w.org\/{rel}","templated":true}]}}