{"id":6150,"date":"2026-01-22T12:27:52","date_gmt":"2026-01-22T10:27:52","guid":{"rendered":"https:\/\/www.caleido.it\/technologie-et-environnement\/"},"modified":"2026-04-16T09:42:15","modified_gmt":"2026-04-16T07:42:15","slug":"technologie-et-environnement","status":"publish","type":"page","link":"https:\/\/www.caleido.it\/fr\/technologie-et-environnement\/","title":{"rendered":"Technologie et environnement"},"content":{"rendered":"\t\t<div data-elementor-type=\"wp-page\" data-elementor-id=\"6150\" class=\"elementor elementor-6150 elementor-1241\" data-elementor-post-type=\"page\">\n\t\t\t\t<div class=\"elementor-element elementor-element-8933f50 e-con-full csm-boxed e-flex e-con e-parent\" data-id=\"8933f50\" data-element_type=\"container\">\n\t\t<div class=\"elementor-element elementor-element-0bd0eaf e-con-full e-flex e-con e-child\" data-id=\"0bd0eaf\" data-element_type=\"container\">\n\t\t\t\t<div class=\"elementor-element elementor-element-20d8474 elementor-widget elementor-widget-heading\" data-id=\"20d8474\" data-element_type=\"widget\" data-widget_type=\"heading.default\">\n\t\t\t\t\t<h2 class=\"elementor-heading-title elementor-size-default\">Technologie et<br>environnement<\/h2>\t\t\t\t<\/div>\n\t\t\t\t<\/div>\n\t\t\t\t<div class=\"elementor-element elementor-element-01caf53 elementor-widget-widescreen__width-inherit dce_masking-none elementor-widget elementor-widget-image\" data-id=\"01caf53\" data-element_type=\"widget\" data-widget_type=\"image.default\">\n\t\t\t\t\t\t\t\t\t\t\t\t\t\t\t<img fetchpriority=\"high\" decoding=\"async\" width=\"1340\" height=\"650\" src=\"https:\/\/www.caleido.it\/wp-content\/uploads\/2026\/01\/tecnologia-hero.jpg\" class=\"attachment-full size-full wp-image-6151\" alt=\"\" srcset=\"https:\/\/www.caleido.it\/wp-content\/uploads\/2026\/01\/tecnologia-hero.jpg 1340w, https:\/\/www.caleido.it\/wp-content\/uploads\/2026\/01\/tecnologia-hero-300x146.jpg 300w, https:\/\/www.caleido.it\/wp-content\/uploads\/2026\/01\/tecnologia-hero-1024x497.jpg 1024w, https:\/\/www.caleido.it\/wp-content\/uploads\/2026\/01\/tecnologia-hero-768x373.jpg 768w\" sizes=\"(max-width: 1340px) 100vw, 1340px\" \/>\t\t\t\t\t\t\t\t\t\t\t\t\t\t\t<\/div>\n\t\t\t\t<\/div>\n\t\t<div class=\"elementor-element elementor-element-6215867 e-con-full csm-boxed e-flex e-con e-child\" data-id=\"6215867\" data-element_type=\"container\">\n\t\t<div class=\"elementor-element elementor-element-a610416 e-con-full e-flex e-con e-child\" data-id=\"a610416\" data-element_type=\"container\">\n\t\t\t\t<div data-dce-title-color=\"#4B4E4D80\" class=\"elementor-element elementor-element-4583990 elementor-invisible elementor-widget elementor-widget-heading\" data-id=\"4583990\" data-element_type=\"widget\" data-settings=\"{&quot;_animation&quot;:&quot;fadeInUp&quot;}\" data-widget_type=\"heading.default\">\n\t\t\t\t\t<h2 class=\"elementor-heading-title elementor-size-default\">VALEURS<\/h2>\t\t\t\t<\/div>\n\t\t\t\t<\/div>\n\t\t<div class=\"elementor-element elementor-element-e80aba0 e-con-full e-flex e-con e-child\" data-id=\"e80aba0\" data-element_type=\"container\">\n\t\t\t\t<div class=\"elementor-element elementor-element-d5f52d2 elementor-widget-divider--view-line elementor-invisible elementor-widget elementor-widget-divider\" data-id=\"d5f52d2\" data-element_type=\"widget\" data-settings=\"{&quot;_animation&quot;:&quot;slideInLeft&quot;,&quot;_animation_delay&quot;:800}\" data-widget_type=\"divider.default\">\n\t\t\t\t\t\t\t<div class=\"elementor-divider\">\n\t\t\t<span class=\"elementor-divider-separator\">\n\t\t\t\t\t\t<\/span>\n\t\t<\/div>\n\t\t\t\t\t\t<\/div>\n\t\t\t\t<\/div>\n\t\t\t\t<\/div>\n\t\t<div class=\"elementor-element elementor-element-5ba4b0b e-con-full csm-boxed-dx e-flex e-con e-parent\" data-id=\"5ba4b0b\" data-element_type=\"container\">\n\t\t<div class=\"elementor-element elementor-element-cbdc2c3 e-con-full e-flex e-con e-child\" data-id=\"cbdc2c3\" data-element_type=\"container\">\n\t\t\t\t<div class=\"elementor-element elementor-element-398cf56 dce_masking-none elementor-widget elementor-widget-image\" data-id=\"398cf56\" data-element_type=\"widget\" data-widget_type=\"image.default\">\n\t\t\t\t\t\t\t\t\t\t\t\t\t\t\t<img decoding=\"async\" width=\"370\" height=\"484\" src=\"https:\/\/www.caleido.it\/wp-content\/uploads\/2026\/01\/tecnologia-ambiente-prodotto.jpg\" class=\"attachment-large size-large wp-image-6153\" alt=\"\" srcset=\"https:\/\/www.caleido.it\/wp-content\/uploads\/2026\/01\/tecnologia-ambiente-prodotto.jpg 370w, https:\/\/www.caleido.it\/wp-content\/uploads\/2026\/01\/tecnologia-ambiente-prodotto-229x300.jpg 229w\" sizes=\"(max-width: 370px) 100vw, 370px\" \/>\t\t\t\t\t\t\t\t\t\t\t\t\t\t\t<\/div>\n\t\t<div class=\"elementor-element elementor-element-3ae06fc e-con-full csm-boxed-sx e-flex e-con e-child\" data-id=\"3ae06fc\" data-element_type=\"container\">\n\t\t\t\t<div class=\"elementor-element elementor-element-6b5bb47 elementor-widget__width-initial elementor-widget-mobile__width-inherit elementor-widget-laptop__width-inherit elementor-widget elementor-widget-text-editor\" data-id=\"6b5bb47\" data-element_type=\"widget\" data-widget_type=\"text-editor.default\">\n\t\t\t\t\t\t\t\t\tLes produits Caleido se distinguent comme des terminaux id\u00e9aux pour les syst\u00e8mes thermiques gr\u00e2ce \u00e0 leur <strong>faible inertie thermique<\/strong>, qui <strong>garantit un chauffage rapide et une gestion flexible de la temp\u00e9rature<\/strong>. De plus, la lib\u00e9ration graduelle de la chaleur se poursuit m\u00eame lorsque l\u2019installation est \u00e9teinte, assurant un confort durable et maintenant la temp\u00e9rature id\u00e9ale au fil du temps. \t\t\t\t\t\t\t\t<\/div>\n\t\t\t\t<\/div>\n\t\t\t\t<\/div>\n\t\t<div class=\"elementor-element elementor-element-1ac6d51 e-con-full e-flex e-con e-child\" data-id=\"1ac6d51\" data-element_type=\"container\">\n\t\t<div class=\"elementor-element elementor-element-dc9f076 e-con-full e-flex e-con e-child\" data-id=\"dc9f076\" data-element_type=\"container\">\n\t\t\t\t<div class=\"elementor-element elementor-element-bb99be2 elementor-widget__width-inherit elementor-widget-mobile__width-inherit elementor-widget elementor-widget-text-editor\" data-id=\"bb99be2\" data-element_type=\"widget\" data-widget_type=\"text-editor.default\">\n\t\t\t\t\t\t\t\t\tGr\u00e2ce \u00e0 leurs excellentes performances thermiques et \u00e0 leurs larges surfaces expos\u00e9es, les radiateurs et les s\u00e8che-serviettes de Caleido sont parfaits pour l\u2019<strong>installation dans des syst\u00e8mes \u00e0 basse temp\u00e9rature<\/strong> de derni\u00e8re g\u00e9n\u00e9ration et dans des environnements \u00e0 haute isolation thermique.<br>\nCes produits contribuent de mani\u00e8re significative \u00e0 l\u2019<strong>am\u00e9lioration de l\u2019efficacit\u00e9 \u00e9nerg\u00e9tique<\/strong>,\ngr\u00e2ce \u00e0 leur capacit\u00e9 \u00e0 \u00e9changer des pourcentages \u00e9lev\u00e9s de chaleur par rayonnement, r\u00e9duisant ainsi la consommation d\u2019\u00e9nergie.\t\t\t\t\t\t\t\t<\/div>\n\t\t\t\t<\/div>\n\t\t\t\t<div class=\"elementor-element elementor-element-89fb629 elementor-widget-widescreen__width-inherit dce_masking-none elementor-widget elementor-widget-image\" data-id=\"89fb629\" data-element_type=\"widget\" data-widget_type=\"image.default\">\n\t\t\t\t\t\t\t\t\t\t\t\t\t\t\t<img decoding=\"async\" width=\"822\" height=\"505\" src=\"https:\/\/www.caleido.it\/wp-content\/uploads\/2026\/01\/tecnologia-prodotto.jpg\" class=\"attachment-full size-full wp-image-6152\" alt=\"\" srcset=\"https:\/\/www.caleido.it\/wp-content\/uploads\/2026\/01\/tecnologia-prodotto.jpg 822w, https:\/\/www.caleido.it\/wp-content\/uploads\/2026\/01\/tecnologia-prodotto-300x184.jpg 300w, https:\/\/www.caleido.it\/wp-content\/uploads\/2026\/01\/tecnologia-prodotto-768x472.jpg 768w\" sizes=\"(max-width: 822px) 100vw, 822px\" \/>\t\t\t\t\t\t\t\t\t\t\t\t\t\t\t<\/div>\n\t\t\t\t<\/div>\n\t\t\t\t<\/div>\n\t\t<div class=\"elementor-element elementor-element-a450435 e-con-full e-flex e-con e-parent\" data-id=\"a450435\" data-element_type=\"container\">\n\t\t\t\t<div class=\"elementor-element elementor-element-d020fdd dce_masking-none elementor-widget elementor-widget-image\" data-id=\"d020fdd\" data-element_type=\"widget\" data-widget_type=\"image.default\">\n\t\t\t\t\t\t\t\t\t\t\t\t\t\t\t<img loading=\"lazy\" decoding=\"async\" width=\"1440\" height=\"650\" src=\"https:\/\/www.caleido.it\/wp-content\/uploads\/2026\/01\/tec-ambiente.jpg\" class=\"attachment-full size-full wp-image-6154\" alt=\"\" srcset=\"https:\/\/www.caleido.it\/wp-content\/uploads\/2026\/01\/tec-ambiente.jpg 1440w, https:\/\/www.caleido.it\/wp-content\/uploads\/2026\/01\/tec-ambiente-300x135.jpg 300w, https:\/\/www.caleido.it\/wp-content\/uploads\/2026\/01\/tec-ambiente-1024x462.jpg 1024w, https:\/\/www.caleido.it\/wp-content\/uploads\/2026\/01\/tec-ambiente-768x347.jpg 768w\" sizes=\"(max-width: 1440px) 100vw, 1440px\" \/>\t\t\t\t\t\t\t\t\t\t\t\t\t\t\t<\/div>\n\t\t\t\t<\/div>\n\t\t<div class=\"elementor-element elementor-element-d2802af e-con-full csm-boxed e-flex e-con e-parent\" data-id=\"d2802af\" data-element_type=\"container\">\n\t\t\t\t<div class=\"elementor-element elementor-element-6845568 elementor-widget elementor-widget-heading\" data-id=\"6845568\" data-element_type=\"widget\" data-widget_type=\"heading.default\">\n\t\t\t\t\t<h2 class=\"elementor-heading-title elementor-size-default\">Caleido Tec 03<\/h2>\t\t\t\t<\/div>\n\t\t<div class=\"elementor-element elementor-element-b812727 e-con-full e-flex e-con e-child\" data-id=\"b812727\" data-element_type=\"container\">\n\t\t\t\t<div class=\"elementor-element elementor-element-e9c927b elementor-widget__width-initial elementor-widget-mobile__width-inherit elementor-widget-tablet__width-inherit elementor-widget elementor-widget-text-editor\" data-id=\"e9c927b\" data-element_type=\"widget\" data-widget_type=\"text-editor.default\">\n\t\t\t\t\t\t\t\t\tTous les <strong>radiateurs Caleido sont test\u00e9s pour fonctionner avec diff\u00e9rents delta T<\/strong>, obtenant des performances \u00e9lev\u00e9es m\u00eame dans des installations \u00e0 basse temp\u00e9rature, avec une r\u00e9duction significative de la consommation d\u2019\u00e9nergie et de l\u2019impact environnemental. Nos radiateurs atteignent leur performance maximale, surtout dans les mod\u00e8les triples, garantissant une parfaite compatibilit\u00e9 avec les g\u00e9n\u00e9rateurs \u00e0 condensation et les pompes \u00e0 chaleur, s\u2019int\u00e9grant parfaitement dans les solutions de syst\u00e8mes thermiques les plus modernes con\u00e7ues pour r\u00e9duire la consommation et les \u00e9missions. \t\t\t\t\t\t\t\t<\/div>\n\t\t\t\t<div class=\"elementor-element elementor-element-297d990 link-black-button elementor-widget__width-auto elementor-invisible elementor-widget elementor-widget-button\" data-id=\"297d990\" data-element_type=\"widget\" data-settings=\"{&quot;_animation&quot;:&quot;fadeInUp&quot;}\" data-widget_type=\"button.default\">\n\t\t\t\t\t\t\t\t\t\t<a class=\"elementor-button elementor-button-link elementor-size-sm\" href=\"https:\/\/www.caleido.it\/fr\/entreprise\/\">\n\t\t\t\t\t\t<span class=\"elementor-button-content-wrapper\">\n\t\t\t\t\t\t<span class=\"elementor-button-icon\">\n\t\t\t\t<svg aria-hidden=\"true\" class=\"e-font-icon-svg e-fas-circle\" viewBox=\"0 0 512 512\" xmlns=\"http:\/\/www.w3.org\/2000\/svg\"><path d=\"M256 8C119 8 8 119 8 256s111 248 248 248 248-111 248-248S393 8 256 8z\"><\/path><\/svg>\t\t\t<\/span>\n\t\t\t\t\t\t\t\t\t<span class=\"elementor-button-text\">D\u00c9COUVREZ L\u2019ENTREPRISE<\/span>\n\t\t\t\t\t<\/span>\n\t\t\t\t\t<\/a>\n\t\t\t\t\t\t\t\t<\/div>\n\t\t\t\t<\/div>\n\t\t<div class=\"elementor-element elementor-element-5841f93 e-con-full e-flex e-con e-child\" data-id=\"5841f93\" data-element_type=\"container\">\n\t\t\t\t<div class=\"elementor-element elementor-element-690c681 elementor-widget-widescreen__width-initial dce_masking-none elementor-widget elementor-widget-image\" data-id=\"690c681\" data-element_type=\"widget\" data-widget_type=\"image.default\">\n\t\t\t\t\t\t\t\t\t\t\t\t\t\t\t<img loading=\"lazy\" decoding=\"async\" width=\"773\" height=\"505\" src=\"https:\/\/www.caleido.it\/wp-content\/uploads\/2026\/01\/ambiente.jpg\" class=\"attachment-full size-full wp-image-6155\" alt=\"\" srcset=\"https:\/\/www.caleido.it\/wp-content\/uploads\/2026\/01\/ambiente.jpg 773w, https:\/\/www.caleido.it\/wp-content\/uploads\/2026\/01\/ambiente-300x196.jpg 300w, https:\/\/www.caleido.it\/wp-content\/uploads\/2026\/01\/ambiente-768x502.jpg 768w\" sizes=\"(max-width: 773px) 100vw, 773px\" \/>\t\t\t\t\t\t\t\t\t\t\t\t\t\t\t<\/div>\n\t\t\t\t<div class=\"elementor-element elementor-element-338150b elementor-widget__width-initial elementor-widget-tablet__width-inherit elementor-widget elementor-widget-heading\" data-id=\"338150b\" data-element_type=\"widget\" data-widget_type=\"heading.default\">\n\t\t\t\t\t<h2 class=\"elementor-heading-title elementor-size-default\">Caleido est certifi\u00e9e pour les lignes\nd\u2019efficacit\u00e9 \u00e9nerg\u00e9tique, assurant des solutions toujours plus durables et efficaces.<\/h2>\t\t\t\t<\/div>\n\t\t\t\t<\/div>\n\t\t\t\t<\/div>\n\t\t<div class=\"elementor-element elementor-element-79ea4b5 e-con-full csm-boxed e-flex e-con e-parent\" data-id=\"79ea4b5\" data-element_type=\"container\" data-settings=\"{&quot;background_background&quot;:&quot;classic&quot;}\">\n\t\t<div class=\"elementor-element elementor-element-e083418 e-con-full e-flex e-con e-child\" data-id=\"e083418\" data-element_type=\"container\">\n\t\t\t\t<div class=\"elementor-element elementor-element-6c7bb42 elementor-widget elementor-widget-heading\" data-id=\"6c7bb42\" data-element_type=\"widget\" data-widget_type=\"heading.default\">\n\t\t\t\t\t<h2 class=\"elementor-heading-title elementor-size-default\">Contactez-nous pour<br>plus d\u2019informations<\/h2>\t\t\t\t<\/div>\n\t\t\t\t<\/div>\n\t\t<div class=\"elementor-element elementor-element-b813344 e-con-full e-flex e-con e-child\" data-id=\"b813344\" data-element_type=\"container\">\n\t\t\t\t<div class=\"elementor-element elementor-element-bdb84a1 elementor-widget__width-inherit elementor-widget-mobile__width-inherit elementor-widget-laptop__width-inherit elementor-widget elementor-widget-text-editor\" data-id=\"bdb84a1\" data-element_type=\"widget\" data-widget_type=\"text-editor.default\">\n\t\t\t\t\t\t\t\t\t<p>Si vous souhaitez en savoir plus sur nos produits, contactez-nous.<br>Notre \u00e9quipe est pr\u00eate \u00e0 vous aider \u00e0 trouver la solution id\u00e9ale pour vos besoins.<\/p>\t\t\t\t\t\t\t\t<\/div>\n\t\t\t\t<div class=\"elementor-element elementor-element-e355432 link-black-button elementor-widget__width-auto elementor-invisible elementor-widget elementor-widget-button\" data-id=\"e355432\" data-element_type=\"widget\" data-settings=\"{&quot;_animation&quot;:&quot;fadeInUp&quot;}\" data-widget_type=\"button.default\">\n\t\t\t\t\t\t\t\t\t\t<a class=\"elementor-button elementor-button-link elementor-size-sm\" href=\"https:\/\/www.caleido.it\/contatti\/\">\n\t\t\t\t\t\t<span class=\"elementor-button-content-wrapper\">\n\t\t\t\t\t\t<span class=\"elementor-button-icon\">\n\t\t\t\t<svg aria-hidden=\"true\" class=\"e-font-icon-svg e-fas-circle\" viewBox=\"0 0 512 512\" xmlns=\"http:\/\/www.w3.org\/2000\/svg\"><path d=\"M256 8C119 8 8 119 8 256s111 248 248 248 248-111 248-248S393 8 256 8z\"><\/path><\/svg>\t\t\t<\/span>\n\t\t\t\t\t\t\t\t\t<span class=\"elementor-button-text\">CONTACTEZ-NOUS MAINTENANT<\/span>\n\t\t\t\t\t<\/span>\n\t\t\t\t\t<\/a>\n\t\t\t\t\t\t\t\t<\/div>\n\t\t\t\t<\/div>\n\t\t\t\t<\/div>\n\t\t\t\t<\/div>\n\t\t","protected":false},"excerpt":{"rendered":"<p>Technologie etenvironnement VALEURS Les produits Caleido se distinguent comme des terminaux id\u00e9aux pour les syst\u00e8mes thermiques gr\u00e2ce \u00e0 leur faible inertie thermique, qui garantit un chauffage rapide et une gestion flexible de la temp\u00e9rature. De plus, la lib\u00e9ration graduelle de la chaleur se poursuit m\u00eame lorsque l\u2019installation est \u00e9teinte, assurant un confort durable et maintenant [&hellip;]<\/p>\n","protected":false},"author":1,"featured_media":0,"parent":0,"menu_order":0,"comment_status":"closed","ping_status":"closed","template":"elementor_header_footer","meta":{"_acf_changed":false,"footnotes":""},"class_list":["post-6150","page","type-page","status-publish","hentry"],"acf":[],"_links":{"self":[{"href":"https:\/\/www.caleido.it\/fr\/wp-json\/wp\/v2\/pages\/6150","targetHints":{"allow":["GET"]}}],"collection":[{"href":"https:\/\/www.caleido.it\/fr\/wp-json\/wp\/v2\/pages"}],"about":[{"href":"https:\/\/www.caleido.it\/fr\/wp-json\/wp\/v2\/types\/page"}],"author":[{"embeddable":true,"href":"https:\/\/www.caleido.it\/fr\/wp-json\/wp\/v2\/users\/1"}],"replies":[{"embeddable":true,"href":"https:\/\/www.caleido.it\/fr\/wp-json\/wp\/v2\/comments?post=6150"}],"version-history":[{"count":2,"href":"https:\/\/www.caleido.it\/fr\/wp-json\/wp\/v2\/pages\/6150\/revisions"}],"predecessor-version":[{"id":6181,"href":"https:\/\/www.caleido.it\/fr\/wp-json\/wp\/v2\/pages\/6150\/revisions\/6181"}],"wp:attachment":[{"href":"https:\/\/www.caleido.it\/fr\/wp-json\/wp\/v2\/media?parent=6150"}],"curies":[{"name":"wp","href":"https:\/\/api.w.org\/{rel}","templated":true}]}}