{"id":6041,"date":"2026-02-25T11:16:57","date_gmt":"2026-02-25T09:16:57","guid":{"rendered":"https:\/\/www.caleido.it\/projekte\/"},"modified":"2026-04-16T09:51:27","modified_gmt":"2026-04-16T07:51:27","slug":"projekte","status":"publish","type":"page","link":"https:\/\/www.caleido.it\/de\/projekte\/","title":{"rendered":"Projekte"},"content":{"rendered":"\t\t<div data-elementor-type=\"wp-page\" data-elementor-id=\"6041\" class=\"elementor elementor-6041 elementor-3183\" data-elementor-post-type=\"page\">\n\t\t\t\t<div class=\"elementor-element elementor-element-a2ca94f e-con-full csm-boxed e-flex e-con e-parent\" data-id=\"a2ca94f\" data-element_type=\"container\">\n\t\t<div class=\"elementor-element elementor-element-377c93a e-con-full e-flex e-con e-child\" data-id=\"377c93a\" data-element_type=\"container\">\n\t\t\t\t<div class=\"elementor-element elementor-element-3a702bd elementor-widget elementor-widget-heading\" data-id=\"3a702bd\" data-element_type=\"widget\" data-widget_type=\"heading.default\">\n\t\t\t\t\t<h2 class=\"elementor-heading-title elementor-size-default\">Projekte<\/h2>\t\t\t\t<\/div>\n\t\t\t\t<\/div>\n\t\t<div class=\"elementor-element elementor-element-9c2ad21 e-con-full e-flex e-con e-child\" data-id=\"9c2ad21\" data-element_type=\"container\">\n\t\t\t\t<div class=\"elementor-element elementor-element-ea3c545 elementor-widget__width-inherit elementor-widget-mobile__width-inherit elementor-widget elementor-widget-text-editor\" data-id=\"ea3c545\" data-element_type=\"widget\" data-widget_type=\"text-editor.default\">\n\t\t\t\t\t\t\t\t\tEine Auswahl internationaler Referenzen, vom Wohnbereich bis zum Contract-Bereich, in denen Caleido-Heizk\u00f6rper Architektur und Komfort vereinen. L\u00f6sungen, die aus dem Dialog mit Planern und Designern entstanden sind, um thermische Effizienz und \u00e4sthetische Pr\u00e4zision in jedem Umfeld zu verbinden. \t\t\t\t\t\t\t\t<\/div>\n\t\t\t\t<\/div>\n\t\t\t\t<\/div>\n\t\t<div class=\"elementor-element elementor-element-734d447 e-con-full csm-boxed e-flex e-con e-parent\" data-id=\"734d447\" data-element_type=\"container\">\n\t\t\t\t<div class=\"elementor-element elementor-element-3983a10 elementor-grid-4 elementor-grid-laptop-3 loop-paginablog elementor-grid-tablet-2 elementor-grid-mobile-1 elementor-widget elementor-widget-loop-grid\" data-id=\"3983a10\" data-element_type=\"widget\" data-settings=\"{&quot;template_id&quot;:7073,&quot;columns&quot;:4,&quot;columns_laptop&quot;:3,&quot;pagination_type&quot;:&quot;load_more_on_click&quot;,&quot;row_gap&quot;:{&quot;unit&quot;:&quot;px&quot;,&quot;size&quot;:60,&quot;sizes&quot;:[]},&quot;row_gap_tablet&quot;:{&quot;unit&quot;:&quot;px&quot;,&quot;size&quot;:40,&quot;sizes&quot;:[]},&quot;row_gap_mobile&quot;:{&quot;unit&quot;:&quot;px&quot;,&quot;size&quot;:20,&quot;sizes&quot;:[]},&quot;_skin&quot;:&quot;post&quot;,&quot;columns_tablet&quot;:&quot;2&quot;,&quot;columns_mobile&quot;:&quot;1&quot;,&quot;edit_handle_selector&quot;:&quot;[data-elementor-type=\\&quot;loop-item\\&quot;]&quot;,&quot;load_more_spinner&quot;:{&quot;value&quot;:&quot;fas fa-spinner&quot;,&quot;library&quot;:&quot;fa-solid&quot;},&quot;row_gap_widescreen&quot;:{&quot;unit&quot;:&quot;px&quot;,&quot;size&quot;:&quot;&quot;,&quot;sizes&quot;:[]},&quot;row_gap_laptop&quot;:{&quot;unit&quot;:&quot;px&quot;,&quot;size&quot;:&quot;&quot;,&quot;sizes&quot;:[]}}\" data-widget_type=\"loop-grid.post\">\n\t\t\t\t<div class=\"elementor-widget-container\">\n\t\t\t\t\t\t\t<div class=\"e-loop-nothing-found-message\">\n\t\t<\/div>\n\t\t\t\t\t\t<\/div>\n\t\t\t\t<\/div>\n\t\t\t\t<\/div>\n\t\t<div class=\"elementor-element elementor-element-43cfb22 e-con-full csm-boxed e-flex e-con e-parent\" data-id=\"43cfb22\" data-element_type=\"container\" data-settings=\"{&quot;background_background&quot;:&quot;classic&quot;}\">\n\t\t<div class=\"elementor-element elementor-element-3cce164 e-con-full e-flex e-con e-child\" data-id=\"3cce164\" data-element_type=\"container\">\n\t\t\t\t<div class=\"elementor-element elementor-element-ab7e7fa elementor-widget elementor-widget-heading\" data-id=\"ab7e7fa\" data-element_type=\"widget\" data-widget_type=\"heading.default\">\n\t\t\t\t\t<h2 class=\"elementor-heading-title elementor-size-default\">Entdecken Sie die von<br>unseren Designern<br>entworfenen Produkte<\/h2>\t\t\t\t<\/div>\n\t\t\t\t<\/div>\n\t\t<div class=\"elementor-element elementor-element-ed24fef e-con-full e-flex e-con e-child\" data-id=\"ed24fef\" data-element_type=\"container\">\n\t\t\t\t<div class=\"elementor-element elementor-element-a356d7c elementor-widget__width-inherit elementor-widget-mobile__width-inherit elementor-widget-laptop__width-inherit elementor-widget elementor-widget-text-editor\" data-id=\"a356d7c\" data-element_type=\"widget\" data-widget_type=\"text-editor.default\">\n\t\t\t\t\t\t\t\t\tEntdecken Sie unsere Kollektion einzigartiger Designheizk\u00f6rper.\nW\u00e4hlen Sie das perfekte Modell f\u00fcr Ihren Raum und beginnen Sie, es nach Ihrem Stil zu konfigurieren.\t\t\t\t\t\t\t\t<\/div>\n\t\t\t\t<div class=\"elementor-element elementor-element-4cb7360 link-black-button elementor-widget__width-auto elementor-invisible elementor-widget elementor-widget-button\" data-id=\"4cb7360\" data-element_type=\"widget\" data-settings=\"{&quot;_animation&quot;:&quot;fadeInUp&quot;}\" data-widget_type=\"button.default\">\n\t\t\t\t\t\t\t\t\t\t<a class=\"elementor-button elementor-button-link elementor-size-sm\" href=\"https:\/\/www.caleido.it\/de\/produkte\/\">\n\t\t\t\t\t\t<span class=\"elementor-button-content-wrapper\">\n\t\t\t\t\t\t<span class=\"elementor-button-icon\">\n\t\t\t\t<svg aria-hidden=\"true\" class=\"e-font-icon-svg e-fas-circle\" viewBox=\"0 0 512 512\" xmlns=\"http:\/\/www.w3.org\/2000\/svg\"><path d=\"M256 8C119 8 8 119 8 256s111 248 248 248 248-111 248-248S393 8 256 8z\"><\/path><\/svg>\t\t\t<\/span>\n\t\t\t\t\t\t\t\t\t<span class=\"elementor-button-text\">ALLE ENTDECKEN<\/span>\n\t\t\t\t\t<\/span>\n\t\t\t\t\t<\/a>\n\t\t\t\t\t\t\t\t<\/div>\n\t\t\t\t<\/div>\n\t\t\t\t<\/div>\n\t\t\t\t<\/div>\n\t\t","protected":false},"excerpt":{"rendered":"<p>Projekte Eine Auswahl internationaler Referenzen, vom Wohnbereich bis zum Contract-Bereich, in denen Caleido-Heizk\u00f6rper Architektur und Komfort vereinen. L\u00f6sungen, die aus dem Dialog mit Planern und Designern entstanden sind, um thermische Effizienz und \u00e4sthetische Pr\u00e4zision in jedem Umfeld zu verbinden. Entdecken Sie die vonunseren Designernentworfenen Produkte Entdecken Sie unsere Kollektion einzigartiger Designheizk\u00f6rper. W\u00e4hlen Sie das perfekte [&hellip;]<\/p>\n","protected":false},"author":1,"featured_media":0,"parent":0,"menu_order":0,"comment_status":"closed","ping_status":"closed","template":"elementor_header_footer","meta":{"_acf_changed":false,"footnotes":""},"class_list":["post-6041","page","type-page","status-publish","hentry"],"acf":[],"_links":{"self":[{"href":"https:\/\/www.caleido.it\/de\/wp-json\/wp\/v2\/pages\/6041","targetHints":{"allow":["GET"]}}],"collection":[{"href":"https:\/\/www.caleido.it\/de\/wp-json\/wp\/v2\/pages"}],"about":[{"href":"https:\/\/www.caleido.it\/de\/wp-json\/wp\/v2\/types\/page"}],"author":[{"embeddable":true,"href":"https:\/\/www.caleido.it\/de\/wp-json\/wp\/v2\/users\/1"}],"replies":[{"embeddable":true,"href":"https:\/\/www.caleido.it\/de\/wp-json\/wp\/v2\/comments?post=6041"}],"version-history":[{"count":2,"href":"https:\/\/www.caleido.it\/de\/wp-json\/wp\/v2\/pages\/6041\/revisions"}],"predecessor-version":[{"id":6989,"href":"https:\/\/www.caleido.it\/de\/wp-json\/wp\/v2\/pages\/6041\/revisions\/6989"}],"wp:attachment":[{"href":"https:\/\/www.caleido.it\/de\/wp-json\/wp\/v2\/media?parent=6041"}],"curies":[{"name":"wp","href":"https:\/\/api.w.org\/{rel}","templated":true}]}}